{"id":1311,"date":"2021-03-24T17:34:57","date_gmt":"2021-03-24T17:34:57","guid":{"rendered":"https:\/\/topenglish.md\/?page_id=1311"},"modified":"2025-09-26T12:16:43","modified_gmt":"2025-09-26T12:16:43","slug":"faq","status":"publish","type":"page","link":"https:\/\/topenglish.md\/ro\/faq\/","title":{"rendered":"FAQ"},"content":{"rendered":"<p>[vc_row][vc_column]    <div class=\"course_title course-section fs-13 p-bg\">FAQ<\/div>\n    <div class=\"course_lessons_section\">\n        <div class=\"panel-group\" id=\"accordion_5477\" role=\"tablist\" aria-multiselectable=\"true\">\n            <div class=\"lesson-title\">\n    <a href=\"javascript:;\" data-id=\"lesson_content_69da0e2917429\">\n        C\u00e2te nivele ave\u0163i \u00een centrul Dvs.? <span><i class=\"fa fa-caret-down\"><\/i><\/span>\n    <\/a>\n    <div class=\"meta\">\n        <span class=\"lesson-icon\"><i class=\"\" data-toggle=\"tooltip\" data-placement=\"top\" title=\"\"><\/i><\/span>\n        <span class=\"preview-video\" >\n                     <\/span>\n        <span class=\"estimate-time\">\n                    <\/span>\n        <span class=\"badge \">\n                        <\/span>\n    <\/div>\n\n<\/div>\n<div class=\"lesson-content\" id=\"lesson_content_69da0e2917429\">\n    La noi, ve\u0163i g\u0103si \u015fase nivele de baz\u0103:\u00a0<span style=\"letter-spacing: 0.65px;\">Beginner<\/span><span style=\"letter-spacing: 0.05em;\">\u00a0(<\/span><span style=\"letter-spacing: 0.65px;\">nivelul pentru \u00eencep\u0103tori<\/span><span style=\"letter-spacing: 0.05em;\">),<\/span><span style=\"letter-spacing: 0.65px;\">Elementary<\/span><span style=\"letter-spacing: 0.05em;\">\u00a0 (<\/span><span style=\"letter-spacing: 0.65px;\">nivelul de cuno\u015ftin\u0163e elementare<\/span><span style=\"letter-spacing: 0.05em;\">),\u00a0<\/span><span style=\"letter-spacing: 0.65px;\">Pre-Intermediate<\/span><span style=\"letter-spacing: 0.05em;\">\u00a0(<\/span><span style=\"letter-spacing: 0.65px;\">preintermediare<\/span><span style=\"letter-spacing: 0.05em;\">),\u00a0<\/span><span style=\"letter-spacing: 0.65px;\">Intermediate<\/span><span style=\"letter-spacing: 0.05em;\">\u00a0(<\/span><span style=\"letter-spacing: 0.65px;\">intermediare<\/span><span style=\"letter-spacing: 0.05em;\">),\u00a0<\/span><span style=\"letter-spacing: 0.65px;\">Upper-Intermediate<\/span><span style=\"letter-spacing: 0.05em;\">\u00a0(<\/span><span style=\"letter-spacing: 0.65px;\">preavansate<\/span><span style=\"letter-spacing: 0.05em;\">) \u015fi\u00a0<\/span><span style=\"letter-spacing: 0.65px;\">Advanced<\/span><span style=\"letter-spacing: 0.05em;\">\u00a0(<\/span><span style=\"letter-spacing: 0.65px;\">avansate<\/span><span style=\"letter-spacing: 0.05em;\">). Pentru a asigura un efect maxim de cunoa\u015ftere a limbii engleze, am divizat nivelele 4 \u015fi 5 \u00een dou\u0103 subnivele, op\u0163ionale: curs general \u015fi curs conversa\u0163ional. Astfel, num\u0103rul real al nivelelor ajung\u00e2nd la 8.<\/span><\/div><div class=\"lesson-title\">\n    <a href=\"javascript:;\" data-id=\"lesson_content_69da0e29174d0\">\n        C\u00e2t dureaz\u0103, \u00een timp, un nivel? <span><i class=\"fa fa-caret-down\"><\/i><\/span>\n    <\/a>\n    <div class=\"meta\">\n        <span class=\"lesson-icon\"><i class=\"\" data-toggle=\"tooltip\" data-placement=\"top\" title=\"\"><\/i><\/span>\n        <span class=\"preview-video\" >\n                     <\/span>\n        <span class=\"estimate-time\">\n                    <\/span>\n        <span class=\"badge \">\n                        <\/span>\n    <\/div>\n\n<\/div>\n<div class=\"lesson-content\" id=\"lesson_content_69da0e29174d0\">\n    Fiecare nivel cuprinde, cel pu\u0163in, 96 de ore \u015fi dureaz\u0103 4 luni.<\/div><div class=\"lesson-title\">\n    <a href=\"javascript:;\" data-id=\"lesson_content_69da0e2917537\">\n        Care este durata \u015fi frecven\u0163a lec\u0163iilor? <span><i class=\"fa fa-caret-down\"><\/i><\/span>\n    <\/a>\n    <div class=\"meta\">\n        <span class=\"lesson-icon\"><i class=\"\" data-toggle=\"tooltip\" data-placement=\"top\" title=\"\"><\/i><\/span>\n        <span class=\"preview-video\" >\n                     <\/span>\n        <span class=\"estimate-time\">\n                    <\/span>\n        <span class=\"badge \">\n                        <\/span>\n    <\/div>\n\n<\/div>\n<div class=\"lesson-content\" id=\"lesson_content_69da0e2917537\">\n    Lec\u0163iile au loc de 2 ori pe s\u0103pt\u0103m\u00e2n\u0103, a c\u00e2te 2 ore \u015fi 15 minute (3 ore academice).<\/div><div class=\"lesson-title\">\n    <a href=\"javascript:;\" data-id=\"lesson_content_69da0e2917596\">\n        Ce materiale didactice ave\u0163i la dispozi\u0163ie? Studen\u0163ii trebuie s\u0103-\u015fi procure manuale? <span><i class=\"fa fa-caret-down\"><\/i><\/span>\n    <\/a>\n    <div class=\"meta\">\n        <span class=\"lesson-icon\"><i class=\"\" data-toggle=\"tooltip\" data-placement=\"top\" title=\"\"><\/i><\/span>\n        <span class=\"preview-video\" >\n                     <\/span>\n        <span class=\"estimate-time\">\n                    <\/span>\n        <span class=\"badge \">\n                        <\/span>\n    <\/div>\n\n<\/div>\n<div class=\"lesson-content\" id=\"lesson_content_69da0e2917596\">\n    Noi folosim ,exclusiv, programe de tip Oxford, Cambridge, Longman \u015fi McMillan. Procurarea materialelor de studiu este absolut necesar\u0103. Dvs. pute\u0163i procura manualele din libr\u0103rii.<\/div><div class=\"lesson-title\">\n    <a href=\"javascript:;\" data-id=\"lesson_content_69da0e29175fe\">\n        Cum pot s\u0103 m\u0103 \u00eenregistrez la curs? <span><i class=\"fa fa-caret-down\"><\/i><\/span>\n    <\/a>\n    <div class=\"meta\">\n        <span class=\"lesson-icon\"><i class=\"\" data-toggle=\"tooltip\" data-placement=\"top\" title=\"\"><\/i><\/span>\n        <span class=\"preview-video\" >\n                     <\/span>\n        <span class=\"estimate-time\">\n                    <\/span>\n        <span class=\"badge \">\n                        <\/span>\n    <\/div>\n\n<\/div>\n<div class=\"lesson-content\" id=\"lesson_content_69da0e29175fe\">\n    \u00cenregistrarea se face pe baz\u0103 de interviu verbal, urmat de un test \u00een scris. Ve\u0163i putea frecventa cursul \u00een grupul corespunz\u0103tor nivelului Dvs.<\/div><div class=\"lesson-title\">\n    <a href=\"javascript:;\" data-id=\"lesson_content_69da0e2917693\">\n        La ce ore ave\u0163i grupe? <span><i class=\"fa fa-caret-down\"><\/i><\/span>\n    <\/a>\n    <div class=\"meta\">\n        <span class=\"lesson-icon\"><i class=\"\" data-toggle=\"tooltip\" data-placement=\"top\" title=\"\"><\/i><\/span>\n        <span class=\"preview-video\" >\n                     <\/span>\n        <span class=\"estimate-time\">\n                    <\/span>\n        <span class=\"badge \">\n                        <\/span>\n    <\/div>\n\n<\/div>\n<div class=\"lesson-content\" id=\"lesson_content_69da0e2917693\">\n    9:00 \u2013 11:15, 15:45 \u2013 18:00, 18:15 \u2013 20:30<\/div><div class=\"lesson-title\">\n    <a href=\"javascript:;\" data-id=\"lesson_content_69da0e291771d\">\n        Profesorii sunt vorbitori de limb\u0103 rom\u00e2n\u0103 sau rus\u0103? Se va traduce sau nu informa\u0163ia primit\u0103 \u00een limba natal\u0103, la cerere? <span><i class=\"fa fa-caret-down\"><\/i><\/span>\n    <\/a>\n    <div class=\"meta\">\n        <span class=\"lesson-icon\"><i class=\"\" data-toggle=\"tooltip\" data-placement=\"top\" title=\"\"><\/i><\/span>\n        <span class=\"preview-video\" >\n                     <\/span>\n        <span class=\"estimate-time\">\n                    <\/span>\n        <span class=\"badge \">\n                        <\/span>\n    <\/div>\n\n<\/div>\n<div class=\"lesson-content\" id=\"lesson_content_69da0e291771d\">\n    La lec\u0163ii, profesorii vorbesc exclusiv limba englez\u0103. Credin\u0163a noastr\u0103 este c\u0103 ambian\u0163a anglofon\u0103 contribuie la perceperea mai eficient\u0103 a limbii. Totu\u015fi, ocazional \u015fi la cerere, profesorii fac unele traduceri.<\/div><div class=\"lesson-title\">\n    <a href=\"javascript:;\" data-id=\"lesson_content_69da0e291779f\">\n        La finisarea nivelului avansat, ce alte cursuri \u00eemi pute\u0163i propune? <span><i class=\"fa fa-caret-down\"><\/i><\/span>\n    <\/a>\n    <div class=\"meta\">\n        <span class=\"lesson-icon\"><i class=\"\" data-toggle=\"tooltip\" data-placement=\"top\" title=\"\"><\/i><\/span>\n        <span class=\"preview-video\" >\n                     <\/span>\n        <span class=\"estimate-time\">\n                    <\/span>\n        <span class=\"badge \">\n                        <\/span>\n    <\/div>\n\n<\/div>\n<div class=\"lesson-content\" id=\"lesson_content_69da0e291779f\">\n    Noi v\u0103 propunem urm\u0103toarele cursuri pentru studen\u0163ii avansa\u0163i: Proficiency, Masterclass, Business English, Business Communication, Advanced Conversation.<\/div><div class=\"lesson-title\">\n    <a href=\"javascript:;\" data-id=\"lesson_content_69da0e2917824\">\n        La sf\u00e2r\u015fitul cursului, se presupune primirea unui certificat de absolvire a studiilor? <span><i class=\"fa fa-caret-down\"><\/i><\/span>\n    <\/a>\n    <div class=\"meta\">\n        <span class=\"lesson-icon\"><i class=\"\" data-toggle=\"tooltip\" data-placement=\"top\" title=\"\"><\/i><\/span>\n        <span class=\"preview-video\" >\n                     <\/span>\n        <span class=\"estimate-time\">\n                    <\/span>\n        <span class=\"badge \">\n                        <\/span>\n    <\/div>\n\n<\/div>\n<div class=\"lesson-content\" id=\"lesson_content_69da0e2917824\">\n    Da, se presupune ob\u0163inerea unui certificat de absolvire a cursului de c\u0103tre studen\u0163ii, care au frecventat cel pu\u0163in 75% din orele de curs \u015fi au ob\u0163inut un rezultat pozitiv la testul final.<\/div>        <\/div>\n    <\/div>\n\n[vc_empty_space][\/vc_column][\/vc_row]<\/p>\n","protected":false},"excerpt":{"rendered":"<p>[vc_row][vc_column][vc_empty_space][\/vc_column][\/vc_row]<\/p>\n","protected":false},"author":1,"featured_media":0,"parent":0,"menu_order":0,"comment_status":"closed","ping_status":"closed","template":"","meta":{"footnotes":""},"class_list":["post-1311","page","type-page","status-publish","hentry"],"aioseo_notices":[],"_links":{"self":[{"href":"https:\/\/topenglish.md\/ro\/wp-json\/wp\/v2\/pages\/1311","targetHints":{"allow":["GET"]}}],"collection":[{"href":"https:\/\/topenglish.md\/ro\/wp-json\/wp\/v2\/pages"}],"about":[{"href":"https:\/\/topenglish.md\/ro\/wp-json\/wp\/v2\/types\/page"}],"author":[{"embeddable":true,"href":"https:\/\/topenglish.md\/ro\/wp-json\/wp\/v2\/users\/1"}],"replies":[{"embeddable":true,"href":"https:\/\/topenglish.md\/ro\/wp-json\/wp\/v2\/comments?post=1311"}],"version-history":[{"count":3,"href":"https:\/\/topenglish.md\/ro\/wp-json\/wp\/v2\/pages\/1311\/revisions"}],"predecessor-version":[{"id":2015,"href":"https:\/\/topenglish.md\/ro\/wp-json\/wp\/v2\/pages\/1311\/revisions\/2015"}],"wp:attachment":[{"href":"https:\/\/topenglish.md\/ro\/wp-json\/wp\/v2\/media?parent=1311"}],"curies":[{"name":"wp","href":"https:\/\/api.w.org\/{rel}","templated":true}]}}