{"id":405,"date":"2016-01-25T08:29:59","date_gmt":"2016-01-25T08:29:59","guid":{"rendered":"http:\/\/themes.g5plus.net\/academia\/?page_id=405"},"modified":"2025-10-09T09:24:37","modified_gmt":"2025-10-09T09:24:37","slug":"courses","status":"publish","type":"page","link":"https:\/\/topenglish.md\/ro\/courses\/","title":{"rendered":"Cursuri"},"content":{"rendered":"<p>[vc_row layout=&#8221;container&#8221; css=&#8221;.vc_custom_1760001875535{margin-bottom: 30px !important;}&#8221;][vc_column]    <div class=\"course_title course-section fs-13 p-bg\">Cursuri de englez\u0103<\/div>\n    <div class=\"course_lessons_section\">\n        <div class=\"panel-group\" id=\"accordion_4116\" role=\"tablist\" aria-multiselectable=\"true\">\n            <div class=\"lesson-title\">\n    <a href=\"javascript:;\" data-id=\"lesson_content_69ef77fadf45f\">\n        Nivelul \u04101. BEGINNER <span><i class=\"fa fa-caret-down\"><\/i><\/span>\n    <\/a>\n    <div class=\"meta\">\n        <span class=\"lesson-icon\"><i class=\"\" data-toggle=\"tooltip\" data-placement=\"top\" title=\"\"><\/i><\/span>\n        <span class=\"preview-video\" >\n                     <\/span>\n        <span class=\"estimate-time\">\n                    <\/span>\n        <span class=\"badge \">\n                        <\/span>\n    <\/div>\n\n<\/div>\n<div class=\"lesson-content\" id=\"lesson_content_69ef77fadf45f\">\n    <span style=\"font-weight: 400;\">Nivelul \u00eencep\u0103tor. Vocabularul este mai pu\u021bin de 1500 de cuvinte. La aceast\u0103 etap\u0103 a studiului, pute\u021bi:<\/span><\/p>\n<ul>\n<li style=\"font-weight: 400;\" aria-level=\"1\"><span style=\"font-weight: 400;\">\u00een\u021belege \u0219i utiliza expresii de zi cu zi, fraze simple\u00a0 care vizeaz\u0103 satisfacerea nevoilor de baz\u0103;<\/span><\/li>\n<li style=\"font-weight: 400;\" aria-level=\"1\"><span style=\"font-weight: 400;\">s\u0103 v\u0103 prezenta\u021bi \u00een englez\u0103 \u0219i s\u0103 \u00eei prezenta\u021bi pe ceilal\u021bi;<\/span><\/li>\n<\/ul>\n<ul>\n<li style=\"font-weight: 400;\" aria-level=\"1\"><span style=\"font-weight: 400;\">adresa \u00eentreb\u0103ri elementare pe teme personale (despre locul de re\u0219edin\u021b\u0103, prieteni \u0219i cuno\u0219tin\u021be etc.) \u0219i r\u0103spunde la ele;<\/span><\/li>\n<li style=\"font-weight: 400;\" aria-level=\"1\"><span style=\"font-weight: 400;\">interac\u021biona\u00a0 la un nivel de baz\u0103 al englezei, dac\u0103 interlocutorul vorbitor de limb\u0103 englez\u0103 vorbe\u0219te \u00eencet, clar \u0219i este gata s\u0103 ajute la stabilirea comunic\u0103rii;<\/span><\/li>\n<li style=\"font-weight: 400;\" aria-level=\"1\"><span style=\"font-weight: 400;\">\u00een\u021belege inscrip\u021bii foarte scurte (1-2 fraze) \u00een englez\u0103 cu ilustra\u021bii (c\u0103r\u021bi po\u0219tale, indicatoare rutiere, explica\u021bii scurte, indicatoare).<\/span><\/li>\n<\/ul>\n<p><\/div><div class=\"lesson-title\">\n    <a href=\"javascript:;\" data-id=\"lesson_content_69ef77fadf513\">\n        Nivelul \u04102. ELEMENTARY <span><i class=\"fa fa-caret-down\"><\/i><\/span>\n    <\/a>\n    <div class=\"meta\">\n        <span class=\"lesson-icon\"><i class=\"\" data-toggle=\"tooltip\" data-placement=\"top\" title=\"\"><\/i><\/span>\n        <span class=\"preview-video\" >\n                     <\/span>\n        <span class=\"estimate-time\">\n                    <\/span>\n        <span class=\"badge \">\n                        <\/span>\n    <\/div>\n\n<\/div>\n<div class=\"lesson-content\" id=\"lesson_content_69ef77fadf513\">\n    <span style=\"font-weight: 400;\">Nivelul elementar. Vocabularul este de 1500-2500 de cuvinte. Trec\u00e2nd la acest nivel, ve\u021bi putea:<\/span><\/p>\n<ul>\n<li style=\"font-weight: 400;\" aria-level=\"1\"><span style=\"font-weight: 400;\">\u00een\u021belege declara\u021biile legate de cele mai vitale aspecte (povestind despre tine \u0219i familia ta, angajare, cump\u0103r\u0103turi);<\/span><\/li>\n<li style=\"font-weight: 400;\" aria-level=\"1\"><span style=\"font-weight: 400;\">cere indica\u021bii (cum s\u0103 ajunge\u021bi de la punctul A la punctul B) \u0219i \u00een\u021belege r\u0103spunsul;<\/span><\/li>\n<li style=\"font-weight: 400;\" aria-level=\"1\"><span style=\"font-weight: 400;\">explica \u00een englez\u0103 situa\u021bii simple de zi cu zi care necesit\u0103 schimb direct de informa\u021bii despre subiecte familiare;<\/span><\/li>\n<li style=\"font-weight: 400;\" aria-level=\"1\"><span style=\"font-weight: 400;\">spune \u00een englez\u0103 cine sunte\u021bi, unde locui\u021bi \u0219i cu cine comunica\u021bi, exprima nevoile de baz\u0103;<\/span><\/li>\n<li style=\"font-weight: 400;\" aria-level=\"1\"><span style=\"font-weight: 400;\">\u00een\u021belege esen\u021ba reportajelor TV \u00een limba englez\u0103 \u00eenso\u021bite de secven\u021be video;<\/span><\/li>\n<li style=\"font-weight: 400;\" aria-level=\"1\"><span style=\"font-weight: 400;\">citi \u0219i \u00een\u021belege o scrisoare de baz\u0103 \u00een limba englez\u0103 (comand\u0103, confirmarea comenzii, scrisori personale scurte, necomplicate).<\/span><\/li>\n<\/ul>\n<p><\/div><div class=\"lesson-title\">\n    <a href=\"javascript:;\" data-id=\"lesson_content_69ef77fadf57e\">\n        Nivelul \u04102.1 PRE-INTERMADIATE <span><i class=\"fa fa-caret-down\"><\/i><\/span>\n    <\/a>\n    <div class=\"meta\">\n        <span class=\"lesson-icon\"><i class=\"\" data-toggle=\"tooltip\" data-placement=\"top\" title=\"\"><\/i><\/span>\n        <span class=\"preview-video\" >\n                     <\/span>\n        <span class=\"estimate-time\">\n                    <\/span>\n        <span class=\"badge \">\n                        <\/span>\n    <\/div>\n\n<\/div>\n<div class=\"lesson-content\" id=\"lesson_content_69ef77fadf57e\">\n    <span style=\"font-weight: 400;\">Nivelul sub mediu de englez\u0103. Vocabularul este de 1500-2750 de cuvinte. La acest nivel, ve\u021bi putea:<\/span><\/p>\n<ul>\n<li style=\"font-weight: 400;\" aria-level=\"1\"><span style=\"font-weight: 400;\">participa la o conversa\u021bie simpl\u0103 &#8211; povesti despre sine, exprima atitudinea fa\u021b\u0103 de ceva, vorbi despre familie \u0219i despre vreme;<\/span><\/li>\n<li style=\"font-weight: 400;\" aria-level=\"1\"><span style=\"font-weight: 400;\">formula \u00eentreb\u0103ri pentru a \u00een\u021belege mai bine interlocutorul;<\/span><\/li>\n<li style=\"font-weight: 400;\" aria-level=\"1\"><span style=\"font-weight: 400;\">\u00een\u021belege ideea principal\u0103 a textului, \u00een ciuda faptului c\u0103 unele cuvinte pot fi necunoscute;<\/span><\/li>\n<li style=\"font-weight: 400;\" aria-level=\"1\"><span style=\"font-weight: 400;\">scrie scrisori simple, felicit\u0103ri, e-mail-uri oficiale;<\/span><\/li>\n<li style=\"font-weight: 400;\" aria-level=\"1\"><span style=\"font-weight: 400;\">recunoa\u0219te \u0219i folosi timpurile in englez\u0103: prezent, trecut \u0219i viitor simplu, prezent \u0219i trecut continuu, prezent \u0219i trecut perfect;<\/span><\/li>\n<li style=\"font-weight: 400;\" aria-level=\"1\"><span style=\"font-weight: 400;\">compara oameni, obiecte, lucruri, \u021b\u0103ri folosind gradele de compara\u021bie ale adjectivelor;<\/span><\/li>\n<li style=\"font-weight: 400;\" aria-level=\"1\"><span style=\"font-weight: 400;\">\u00een\u021belege verbele modale: must \/ mustn\u2019t, should \/ shouldn\u2019t, can \/ could, may \/ might;<\/span><\/li>\n<li style=\"font-weight: 400;\" aria-level=\"1\"><span style=\"font-weight: 400;\">parafraza competent vorbirea direct\u0103 \u00een indirecta (Ea a spus: \u201eSunt ocupat\u0103.\u201d &#8211; A spus c\u0103 este ocupat\u0103).<\/span><\/li>\n<\/ul>\n<p><\/div><div class=\"lesson-title\">\n    <a href=\"javascript:;\" data-id=\"lesson_content_69ef77fadf5df\">\n        Nivelul B1. INTERMEDIATE <span><i class=\"fa fa-caret-down\"><\/i><\/span>\n    <\/a>\n    <div class=\"meta\">\n        <span class=\"lesson-icon\"><i class=\"\" data-toggle=\"tooltip\" data-placement=\"top\" title=\"\"><\/i><\/span>\n        <span class=\"preview-video\" >\n                     <\/span>\n        <span class=\"estimate-time\">\n                    <\/span>\n        <span class=\"badge \">\n                        <\/span>\n    <\/div>\n\n<\/div>\n<div class=\"lesson-content\" id=\"lesson_content_69ef77fadf5df\">\n    <span style=\"font-weight: 400;\">Nivel mediu de englez\u0103. Vocabularul este de 2750-3250 de cuvinte. La acest nivel, ve\u021bi putea:<\/span><\/p>\n<ul>\n<li style=\"font-weight: 400;\" aria-level=\"1\"><span style=\"font-weight: 400;\">\u00een\u021belege corect esen\u021ba afirma\u021biilor pe teme familiare pentru tine (munc\u0103, \u0219coal\u0103, timp liber etc.);<\/span><\/li>\n<li style=\"font-weight: 400;\" aria-level=\"1\"><span style=\"font-weight: 400;\">s\u0103 v\u0103 exprima\u021bi \u00een limba englez\u0103 \u00een majoritatea situa\u021biilor care apar atunci c\u00e2nd c\u0103l\u0103tori\u021bi \u00eentr-o \u021bar\u0103 vorbitoare de limb\u0103 englez\u0103;<\/span><\/li>\n<li style=\"font-weight: 400;\" aria-level=\"1\"><span style=\"font-weight: 400;\">descrie impresii, evenimente, vise, speran\u021be \u0219i aspira\u021bii, expune pe scurt \u0219i justifica opinia;<\/span><\/li>\n<li style=\"font-weight: 400;\" aria-level=\"1\"><span style=\"font-weight: 400;\">viziona filme \u00een limba englez\u0103 \u00een original, ghicind uneori despre ceea ce se \u00eent\u00e2mpl\u0103 numai din imaginea de pe ecran;<\/span><\/li>\n<li style=\"font-weight: 400;\" aria-level=\"1\"><span style=\"font-weight: 400;\">citi cele mai simple instruc\u021biuni, precum \u0219i bro\u0219uri publicitare, scrisori, scurte documente oficiale;<\/span><\/li>\n<li style=\"font-weight: 400;\" aria-level=\"1\"><span style=\"font-weight: 400;\">scrie un mesaj coerent (eseu, scrisoare, instruc\u021biuni) \u00een limba englez\u0103 pe teme familiare sau interesante pentru dvs.<\/span><\/li>\n<\/ul>\n<p><\/div><div class=\"lesson-title\">\n    <a href=\"javascript:;\" data-id=\"lesson_content_69ef77fadf639\">\n        Nivelul B2. UPPER INTERMEDIATE <span><i class=\"fa fa-caret-down\"><\/i><\/span>\n    <\/a>\n    <div class=\"meta\">\n        <span class=\"lesson-icon\"><i class=\"\" data-toggle=\"tooltip\" data-placement=\"top\" title=\"\"><\/i><\/span>\n        <span class=\"preview-video\" >\n                     <\/span>\n        <span class=\"estimate-time\">\n                    <\/span>\n        <span class=\"badge \">\n                        <\/span>\n    <\/div>\n\n<\/div>\n<div class=\"lesson-content\" id=\"lesson_content_69ef77fadf639\">\n    <span style=\"font-weight: 400;\">Nivel mediu-avansat de englez\u0103. Vocabularul este de 3250-3750 de cuvinte. La aceast\u0103 etap\u0103, studentul va putea:<\/span><\/p>\n<ul>\n<li style=\"font-weight: 400;\" aria-level=\"1\"><span style=\"font-weight: 400;\">\u00een\u021belege esen\u021ba unui text complex pe un subiect specific sau abstract, men\u021bine o conversa\u021bie detaliat\u0103 \u00een limba englez\u0103 pe tema specializ\u0103rii profesionale;<\/span><\/li>\n<li style=\"font-weight: 400;\" aria-level=\"1\"><span style=\"font-weight: 400;\">comunica fluent \u00een limba englez\u0103 pe teme abstracte, interac\u021biona cu vorbitorii nativi f\u0103r\u0103 stres pentru fiecare dintre p\u0103r\u021bi;<\/span><\/li>\n<li style=\"font-weight: 400;\" aria-level=\"1\"><span style=\"font-weight: 400;\">construi declara\u021bii clare \u0219i detaliate la o gam\u0103 larg\u0103 de probleme;<\/span><\/li>\n<li style=\"font-weight: 400;\" aria-level=\"1\"><span style=\"font-weight: 400;\">expune punctul de vedere asupra problemei, indica avantajele \u0219i dezavantajele diferitelor op\u021biuni pentru solu\u021bionarea sa;<\/span><\/li>\n<li style=\"font-weight: 400;\" aria-level=\"1\"><span style=\"font-weight: 400;\">urm\u0103ri majoritatea programelor TV \u00een limba englez\u0103: interviuri, reportaje, emisiuni de discu\u021bii, transmisii live;<\/span><\/li>\n<li style=\"font-weight: 400;\" aria-level=\"1\"><span style=\"font-weight: 400;\">scrie un mesaj coerent (eseu, scrisoare) pe un subiect necunoscut.<\/span><\/li>\n<\/ul>\n<p><\/div><div class=\"lesson-title\">\n    <a href=\"javascript:;\" data-id=\"lesson_content_69ef77fadf692\">\n        Nivelul C1. ADVANCED <span><i class=\"fa fa-caret-down\"><\/i><\/span>\n    <\/a>\n    <div class=\"meta\">\n        <span class=\"lesson-icon\"><i class=\"\" data-toggle=\"tooltip\" data-placement=\"top\" title=\"\"><\/i><\/span>\n        <span class=\"preview-video\" >\n                     <\/span>\n        <span class=\"estimate-time\">\n                    <\/span>\n        <span class=\"badge \">\n                        <\/span>\n    <\/div>\n\n<\/div>\n<div class=\"lesson-content\" id=\"lesson_content_69ef77fadf692\">\n    <span style=\"font-weight: 400;\">Nivel de func\u021bionare eficient sau nivel avansat de englez\u0103. Vocabularul este de 3750-4500 de cuvinte. Trec\u00e2nd la aceast\u0103 etap\u0103, ve\u021bi putea:<\/span><\/p>\n<ul>\n<li><span style=\"font-weight: 400;\"> \u00een\u021belege texte complexe \u0219i lungi pe o varietate de subiecte, recunosc\u00e2nd sensul ascuns al celor spuse;<\/span><\/li>\n<li><span style=\"font-weight: 400;\"> exprima liber \u0219i spontan, f\u0103r\u0103 dificult\u0103\u021bi evidente \u00een selectarea cuvintelor \u0219i expresiilor;<\/span><\/li>\n<li><span style=\"font-weight: 400;\"> utiliza flexibil \u0219i eficient limba \u00een activit\u0103\u021bi sociale, \u0219tiin\u021bifice \u0219i profesionale;<\/span><\/li>\n<\/ul>\n<ul>\n<li style=\"font-weight: 400;\" aria-level=\"1\"><span style=\"font-weight: 400;\">\u00een\u021belege filmele neadaptate cu o mul\u021bime de argouri \u0219i expresii;<\/span><\/li>\n<\/ul>\n<ul>\n<li><span style=\"font-weight: 400;\"> scrie clar, bine structurat, detaliat pe teme complexe, demonstr\u00e2nd abilitatea de a structura \u0219i de a face textul coerent;<\/span><\/li>\n<li><span style=\"font-weight: 400;\"> men\u021bine o coresponden\u021b\u0103 eficient\u0103 \u00een limba englez\u0103.<\/span><\/li>\n<\/ul>\n<p><\/div>        <\/div>\n    <\/div>\n\n[\/vc_column][\/vc_row][vc_row layout=&#8221;container&#8221; css=&#8221;.vc_custom_1760001841047{margin-bottom: 30px !important;}&#8221;][vc_column]    <div class=\"course_title course-section fs-13 p-bg\">Cursuri de German\u0103<\/div>\n    <div class=\"course_lessons_section\">\n        <div class=\"panel-group\" id=\"accordion_1927\" role=\"tablist\" aria-multiselectable=\"true\">\n            <div class=\"lesson-title\">\n    <a href=\"javascript:;\" data-id=\"lesson_content_69ef77fadf770\">\n        Cunoa\u0219tinte de baz\u0103 a limbii germane <span><i class=\"fa fa-caret-down\"><\/i><\/span>\n    <\/a>\n    <div class=\"meta\">\n        <span class=\"lesson-icon\"><i class=\"\" data-toggle=\"tooltip\" data-placement=\"top\" title=\"\"><\/i><\/span>\n        <span class=\"preview-video\" >\n                     <\/span>\n        <span class=\"estimate-time\">\n                    <\/span>\n        <span class=\"badge \">\n                        <\/span>\n    <\/div>\n\n<\/div>\n<div class=\"lesson-content\" id=\"lesson_content_69ef77fadf770\">\n    <span style=\"font-weight: 400;\">A1<\/span><\/p>\n<p><span style=\"font-weight: 400;\">Pute\u021bi \u00een\u021belege fraze simple de zi cu zi necesare pentru a satisface nevoile zilnice.\u00a0<\/span><\/p>\n<p><span style=\"font-weight: 400;\">V\u0103 pute\u021bi prezenta pe sine \u00eensu\u0219i c\u00e2t \u0219i pe ceilal\u021bi, adresa \u00eentreb\u0103ri despre oamenii din jur, cum ar fi unde locuiesc, pe cine cunosc \u0219i ce de\u021bin. Men\u021bine\u021bi o conversa\u021bie elementar\u0103 dac\u0103 cealalt\u0103 persoan\u0103 vorbe\u0219te clar, \u00eencet \u0219i \u00eentr-un mod prietenos.<\/span><\/p>\n<p><span style=\"font-weight: 400;\">A2<\/span><\/p>\n<p><span style=\"font-weight: 400;\">Pute\u021bi \u00een\u021belege propozi\u021bii individuale \u0219i fraze utilizate frecvent legate de aspecte specifice vie\u021bii de zi cu zi (de exemplu, informa\u021bii simple despre interlocutorul dvs., familia acestuia, cump\u0103r\u0103turi, mediul imediat \u0219i locul de munc\u0103). Men\u021bine\u021bi o conversa\u021bie bazat\u0103 pe schimbul de informa\u021bii simple despre via\u021b\u0103. Spune\u021bi \u00een termeni simpli despre experien\u021ba dvs., educa\u021bia, mediul imediat \u0219i nevoile de baz\u0103 ale gospod\u0103riei.<\/span><\/div><div class=\"lesson-title\">\n    <a href=\"javascript:;\" data-id=\"lesson_content_69ef77fadf7d3\">\n        Activitate de vorbire independent\u0103 <span><i class=\"fa fa-caret-down\"><\/i><\/span>\n    <\/a>\n    <div class=\"meta\">\n        <span class=\"lesson-icon\"><i class=\"\" data-toggle=\"tooltip\" data-placement=\"top\" title=\"\"><\/i><\/span>\n        <span class=\"preview-video\" >\n                     <\/span>\n        <span class=\"estimate-time\">\n                    <\/span>\n        <span class=\"badge \">\n                        <\/span>\n    <\/div>\n\n<\/div>\n<div class=\"lesson-content\" id=\"lesson_content_69ef77fadf7d3\">\n    <span style=\"font-weight: 400;\">B1<\/span><\/p>\n<p><span style=\"font-weight: 400;\">Pute\u021bi \u00een\u021belege principalele g\u00e2nduri \u0219i afirma\u021bii cu privire la un subiect familiar, legat de munc\u0103, studiu, timp liber etc. Explica\u021bi diferite situa\u021bii care apar \u00een timpul \u0219ederii dvs. \u00een \u021bara limbii vorbite. Scrie\u021bi mesaje coerente pe subiecte pe care le cunoa\u0219te\u021bi \u0219i care v\u0103 intereseaz\u0103. Descrie\u021bi impresiile, evenimentele, visele, speran\u021bele, aspira\u021biile, punctele de vedere ale statului, justifica\u021bi pe scurt opinia dvs. \u0219i explica\u021bi punctul de vedere.<\/span><\/p>\n<p><span style=\"font-weight: 400;\">B2<\/span><\/p>\n<p><span style=\"font-weight: 400;\">Pute\u021bi \u00een\u021belege con\u021binutul principal al textelor complexe pe teme abstracte \u0219i specifice, precum \u0219i cursul discu\u021biilor legate de activitatea dvs. profesional\u0103. Vorbi\u021bi f\u0103r\u0103 preg\u0103tire \u0219i suficient de fluent, cre\u00e2nd astfel condi\u021bii pentru comunicarea cu vorbitori nativi f\u0103r\u0103 dificult\u0103\u021bi semnificative de ambele p\u0103r\u021bi. Vorbi\u021bi clar \u0219i \u00een detaliu despre o gam\u0103 larg\u0103 de subiecte, expune\u021bi punctul dvs. de vedere cu privire la problemele de actualitate, descrie\u021bi poten\u021bialele avantaje \u0219i dezavantaje ale diferitelor op\u021biuni pentru activitatea propus\u0103.<\/span><\/div><div class=\"lesson-title\">\n    <a href=\"javascript:;\" data-id=\"lesson_content_69ef77fadf837\">\n        Utilizarea competent\u0103 a limbii <span><i class=\"fa fa-caret-down\"><\/i><\/span>\n    <\/a>\n    <div class=\"meta\">\n        <span class=\"lesson-icon\"><i class=\"\" data-toggle=\"tooltip\" data-placement=\"top\" title=\"\"><\/i><\/span>\n        <span class=\"preview-video\" >\n                     <\/span>\n        <span class=\"estimate-time\">\n                    <\/span>\n        <span class=\"badge \">\n                        <\/span>\n    <\/div>\n\n<\/div>\n<div class=\"lesson-content\" id=\"lesson_content_69ef77fadf837\">\n    <span style=\"font-weight: 400;\">C1<\/span><\/p>\n<p><span style=\"font-weight: 400;\">Pute\u021bi \u00een\u021belege texte lungi \u0219i complexe pe o varietate de subiecte \u0219i pute\u021bi recunoa\u0219te componentele ascunse ale sensului. Vorbi\u021bi f\u0103r\u0103 preg\u0103tire \u00eentr-un ritm rapid, f\u0103r\u0103 dificult\u0103\u021bi \u00een g\u0103sirea cuvintelor \u0219i expresiilor. Folosi\u021bi limba flexibil \u0219i eficient \u00een via\u021ba public\u0103, studii \u0219i activit\u0103\u021bi profesionale. V\u0103 exprima\u021bi clar, \u00een detaliu \u0219i logic pe subiecte complexe, folosind cu pricepere diverse mijloace lingvistice.<\/span><\/div>        <\/div>\n    <\/div>\n\n[\/vc_column][\/vc_row][vc_row layout=&#8221;container&#8221; css=&#8221;.vc_custom_1760001847046{margin-bottom: 30px !important;}&#8221;][vc_column]    <div class=\"course_title course-section fs-13 p-bg\">Preg\u0103tire pentru examene<\/div>\n    <div class=\"course_lessons_section\">\n        <div class=\"panel-group\" id=\"accordion_5263\" role=\"tablist\" aria-multiselectable=\"true\">\n            <div class=\"lesson-title\">\n    <a href=\"javascript:;\" data-id=\"lesson_content_69ef77fadf906\">\n        IELTS (International English Language Testing System) - sistemul interna\u021bional de testare a limbii engleze. <span><i class=\"fa fa-caret-down\"><\/i><\/span>\n    <\/a>\n    <div class=\"meta\">\n        <span class=\"lesson-icon\"><i class=\"\" data-toggle=\"tooltip\" data-placement=\"top\" title=\"\"><\/i><\/span>\n        <span class=\"preview-video\" >\n                     <\/span>\n        <span class=\"estimate-time\">\n                    <\/span>\n        <span class=\"badge \">\n                        <\/span>\n    <\/div>\n\n<\/div>\n<div class=\"lesson-content\" id=\"lesson_content_69ef77fadf906\">\n    <span style=\"font-weight: 400;\">Acest examen a fost creat pentru a evalua capacitatea lingvistic\u0103 a unei persoane care dore\u0219te s\u0103 tr\u0103iasc\u0103 sau s\u0103 studieze \u00eentr-o \u021bar\u0103 \u00een care limba de comunicare este engleza.<\/span><\/p>\n<p><span style=\"font-weight: 400;\">Examenul testeaz\u0103 abilitatea de a comunica \u00een limba englez\u0103 folosind patru aspecte lingvistice: audierea, scrierea, citirea \u0219i vorbirea.<\/span><\/p>\n<p><span style=\"font-weight: 400;\">\u00cen prezent, IELTS este administrat \u00een comun de trei organiza\u021bii: British Council, IDP: IELTS Australia \u0219i Universitatea din Cambridge ESOL.<\/span><\/p>\n<p><span style=\"font-weight: 400;\">Examenul IELTS este utilizat de universit\u0103\u021bi, colegii, organiza\u021bii profesionale \u0219i autorit\u0103\u021bi de imigrare din mai multe \u021b\u0103ri (inclusiv Marea Britanie, Australia, Canada, Noua Zeeland\u0103). Certificatul este valabil doi ani.<\/span><\/p>\n<p><span style=\"font-weight: 400;\">Exist\u0103 dou\u0103 tipuri de examen IELTS:<\/span><\/p>\n<p><b>Academic<\/b><span style=\"font-weight: 400;\"> &#8211; conceput pentru persoanele care doresc s\u0103 ob\u021bin\u0103 studii superioare \u00een institu\u021biile de \u00eenv\u0103\u021b\u0103m\u00e2nt unde educa\u021bia se desf\u0103\u0219oar\u0103 \u00een limba englez\u0103.<\/span><\/p>\n<p><b>Instruire general\u0103<\/b><span style=\"font-weight: 400;\"> &#8211; conceput pentru cei care inten\u021bioneaz\u0103 s\u0103 emigreze \u00een \u021b\u0103rile vorbitoare de limb\u0103 englez\u0103; care inten\u021bioneaz\u0103 s\u0103 participe la programe educa\u021bionale ce nu prev\u0103d eliberarea unei diplome \u0219i ob\u021binerea unei diplome academice; pentru studiu \u00een liceu.<\/span><\/div><div class=\"lesson-title\">\n    <a href=\"javascript:;\" data-id=\"lesson_content_69ef77fadf964\">\n        TOEFL - Test of English as a Foreign Language (test de cunoa\u0219tere a limbii engleze ca limb\u0103 str\u0103in\u0103). <span><i class=\"fa fa-caret-down\"><\/i><\/span>\n    <\/a>\n    <div class=\"meta\">\n        <span class=\"lesson-icon\"><i class=\"\" data-toggle=\"tooltip\" data-placement=\"top\" title=\"\"><\/i><\/span>\n        <span class=\"preview-video\" >\n                     <\/span>\n        <span class=\"estimate-time\">\n                    <\/span>\n        <span class=\"badge \">\n                        <\/span>\n    <\/div>\n\n<\/div>\n<div class=\"lesson-content\" id=\"lesson_content_69ef77fadf964\">\n    <span style=\"font-weight: 400;\">Acest examen evalueaz\u0103 capacitatea unei persoane care nu este vorbitor nativ de englez\u0103 de a utiliza \u0219i \u00een\u021belege limba vorbit\u0103 \u0219i scris\u0103 la nivelul necesar comunic\u0103rii \u0219i studiilor \u00een universit\u0103\u021bi \u0219i colegii. TOEFL ofer\u0103 o evaluare cuprinz\u0103toare a nivelului de englez\u0103, care permite universit\u0103\u021bilor gazd\u0103 s\u0103 evalueze pe deplin abilitatea studentului de a comunica \u00een mediul de studiu, precum \u0219i preg\u0103tirea sa pentru a scrie lucr\u0103ri de curs.<\/span><\/p>\n<p><span style=\"font-weight: 400;\">Examenul este format din 4 p\u0103r\u021bi: citirea \u0219i r\u0103spunsul la \u00eentreb\u0103ri, audierea \u0219i r\u0103spunsul la \u00eentreb\u0103ri, vorbirea \u0219i scrierea.<\/span><\/p>\n<p><span style=\"font-weight: 400;\">Durata test\u0103rii este de 3 ore.<\/span><\/p>\n<p><span style=\"font-weight: 400;\">Examenul este utilizat de universit\u0103\u021bi, colegii, organiza\u021bii profesionale de limb\u0103 englez\u0103. Necesar la majoritatea universit\u0103\u021bilor din SUA \u0219i Canada.<\/span><\/p>\n<p><span style=\"font-weight: 400;\">Certificatul TOEFL este valabil 2 ani.<\/span><\/div>        <\/div>\n    <\/div>\n\n[\/vc_column][\/vc_row][vc_row][vc_column][vc_empty_space height=&#8221;42px&#8221;][\/vc_column][\/vc_row]<\/p>\n","protected":false},"excerpt":{"rendered":"<p>[vc_row layout=&#8221;container&#8221; css=&#8221;.vc_custom_1760001875535{margin-bottom: 30px !important;}&#8221;][vc_column][\/vc_column][\/vc_row][vc_row layout=&#8221;container&#8221; css=&#8221;.vc_custom_1760001841047{margin-bottom: 30px !important;}&#8221;][vc_column][\/vc_column][\/vc_row][vc_row layout=&#8221;container&#8221; css=&#8221;.vc_custom_1760001847046{margin-bottom: 30px !important;}&#8221;][vc_column][\/vc_column][\/vc_row][vc_row][vc_column][vc_empty_space height=&#8221;42px&#8221;][\/vc_column][\/vc_row]<\/p>\n","protected":false},"author":1,"featured_media":0,"parent":0,"menu_order":0,"comment_status":"closed","ping_status":"closed","template":"","meta":{"footnotes":""},"class_list":["post-405","page","type-page","status-publish","hentry"],"aioseo_notices":[],"_links":{"self":[{"href":"https:\/\/topenglish.md\/ro\/wp-json\/wp\/v2\/pages\/405","targetHints":{"allow":["GET"]}}],"collection":[{"href":"https:\/\/topenglish.md\/ro\/wp-json\/wp\/v2\/pages"}],"about":[{"href":"https:\/\/topenglish.md\/ro\/wp-json\/wp\/v2\/types\/page"}],"author":[{"embeddable":true,"href":"https:\/\/topenglish.md\/ro\/wp-json\/wp\/v2\/users\/1"}],"replies":[{"embeddable":true,"href":"https:\/\/topenglish.md\/ro\/wp-json\/wp\/v2\/comments?post=405"}],"version-history":[{"count":37,"href":"https:\/\/topenglish.md\/ro\/wp-json\/wp\/v2\/pages\/405\/revisions"}],"predecessor-version":[{"id":2150,"href":"https:\/\/topenglish.md\/ro\/wp-json\/wp\/v2\/pages\/405\/revisions\/2150"}],"wp:attachment":[{"href":"https:\/\/topenglish.md\/ro\/wp-json\/wp\/v2\/media?parent=405"}],"curies":[{"name":"wp","href":"https:\/\/api.w.org\/{rel}","templated":true}]}}