{"id":738,"date":"2016-02-02T07:28:19","date_gmt":"2016-02-02T07:28:19","guid":{"rendered":"http:\/\/themes.g5plus.net\/academia\/?page_id=738"},"modified":"2025-09-26T13:40:26","modified_gmt":"2025-09-26T13:40:26","slug":"contact-us","status":"publish","type":"page","link":"https:\/\/topenglish.md\/ro\/contact-us\/","title":{"rendered":"Contacte"},"content":{"rendered":"<p>[vc_row layout=&#8221;container&#8221; el_class=&#8221;mg-bottom-100&#8243;][vc_column width=&#8221;1\/4&#8243; el_class=&#8221;col-md-3 col-sm-6 sm-mg-bottom-50&#8243;]\t\t\t<div class=\"iconbox style3 color-dark \" >\n                <div style=\"background-color: #fdbb43\">\n                                                <i class=\"fa fa-map-marker\"><\/i>\n                                        <\/div>\n                                <a class=\"p-font heading-color\" title=\"ADRESA\" target=\"_self\" href=\"#\">ADRESA<\/a>\n                                <p>Republica Moldova MD-2012, mun. Chi\u015fin\u0103u str. Mitropolit Gavrill B\u0103nulescu-Bodoni 45<\/p>\n                \t\t\t<\/div>\n            [\/vc_column][vc_column width=&#8221;1\/4&#8243; el_class=&#8221;col-md-3 col-sm-6 sm-mg-bottom-50&#8243;]\t\t\t<div class=\"iconbox style3 color-dark \" >\n                <div style=\"background-color: #ed8d37\">\n                                                <i class=\"fa fa-phone\"><\/i>\n                                        <\/div>\n                                <a class=\"p-font heading-color\" title=\"TELEFON\" target=\"_self\" href=\"#\">TELEFON<\/a>\n                                <p>(+373 22) 815 155<br \/>\n(+373 22) 815 156<br \/>\n(+373 22) 815 157<\/p>\n                \t\t\t<\/div>\n            [\/vc_column][vc_column width=&#8221;1\/4&#8243; el_class=&#8221;col-md-3 col-sm-6 sm-mg-bottom-50&#8243;]\t\t\t<div class=\"iconbox style3 color-dark \" >\n                <div style=\"background-color: #925dab\">\n                                                <i class=\"fa fa-fax\"><\/i>\n                                        <\/div>\n                                <a class=\"p-font heading-color\" title=\"FAX\" target=\"_self\" href=\"#\">FAX<\/a>\n                                <p>(+373 22) 815 156<\/p>\n                \t\t\t<\/div>\n            [\/vc_column][vc_column width=&#8221;1\/4&#8243; el_class=&#8221;col-md-3 col-sm-6&#8243;]\t\t\t<div class=\"iconbox style3 color-dark \" >\n                <div style=\"background-color: #5f2f73\">\n                                                <i class=\"fa fa-envelope-o\"><\/i>\n                                        <\/div>\n                                <a class=\"p-font heading-color\" title=\"EMAIL\" target=\"_self\" href=\"#\">EMAIL<\/a>\n                                <p>test@topenglish.md<br \/>\nt_russu@topenglish.md<\/p>\n                \t\t\t<\/div>\n            [\/vc_column][\/vc_row][vc_row][vc_column]            <div class=\"heading color-dark text-center \" >\n                                    <span class=\"s-color\"><i class=\"fa fa-star\"><\/i><\/span>\n                                                <h2 class=\"heading-color fs-38\">\n                    Cerere de \u00eenscriere la Top English                <\/h2>\n                            <\/div>\n            [\/vc_column][\/vc_row][vc_row][vc_column][vc_raw_html]JTNDZm9ybSUyMGlkJTNEJTIyY29udGFjdC1mb3JtJTIyJTNFJTBBJTIwJTIwJTNDaW5wdXQlMjB0eXBlJTNEJTIydGV4dCUyMiUyMG5hbWUlM0QlMjJuYW1lJTIyJTIwcGxhY2Vob2xkZXIlM0QlMjJOdW1lbGUlMjBkdnMuJTIyJTIwcmVxdWlyZWQlM0UlMEElMjAlMjAlM0NpbnB1dCUyMHR5cGUlM0QlMjJ0ZWwlMjIlMjBuYW1lJTNEJTIycGhvbmUlMjIlMjBwbGFjZWhvbGRlciUzRCUyMlRlbGVmb24lMjIlMjByZXF1aXJlZCUzRSUwQSUyMCUyMCUzQ3NlbGVjdCUyMG5hbWUlM0QlMjJsYW5ndWFnZSUyMiUyMHJlcXVpcmVkJTNFJTBBJTIwJTIwJTIwJTIwJTNDb3B0aW9uJTIwdmFsdWUlM0QlMjIlMjIlM0VBbGVnZXRpJTIwbGltYmElM0MlMkZvcHRpb24lM0UlMEElMjAlMjAlMjAlMjAlM0NvcHRpb24lMjB2YWx1ZSUzRCUyMkVuZ2xpc2glMjIlM0VFbmdsZXphJTNDJTJGb3B0aW9uJTNFJTBBJTIwJTIwJTIwJTIwJTNDb3B0aW9uJTIwdmFsdWUlM0QlMjJHZXJtYW4lMjIlM0VHZXJtYW5hJTNDJTJGb3B0aW9uJTNFJTBBJTIwJTIwJTNDJTJGc2VsZWN0JTNFJTBBJTIwJTIwJTNDYnV0dG9uJTIwdHlwZSUzRCUyMnN1Ym1pdCUyMiUzRVRyaW1pdGUlM0MlMkZidXR0b24lM0UlMEElM0MlMkZmb3JtJTNFJTBBJTNDZGl2JTIwaWQlM0QlMjJmb3JtLW1lc3NhZ2UlMjIlM0UlM0MlMkZkaXYlM0UlMEElM0NzY3JpcHQlM0UlMEFqUXVlcnklMjhkb2N1bWVudCUyOS5yZWFkeSUyOGZ1bmN0aW9uJTI4JTI0JTI5JTdCJTBBJTIwJTIwJTI0JTI4JTI3JTIzY29udGFjdC1mb3JtJTI3JTI5Lm9uJTI4JTI3c3VibWl0JTI3JTJDJTIwZnVuY3Rpb24lMjhlJTI5JTdCJTBBJTIwJTIwJTIwJTIwZS5wcmV2ZW50RGVmYXVsdCUyOCUyOSUzQiUwQSUyMCUyMCUyMCUyMHZhciUyMGRhdGElMjAlM0QlMjAlMjQlMjh0aGlzJTI5LnNlcmlhbGl6ZSUyOCUyOSUzQiUwQSUwQSUyMCUyMCUyMCUyMCUyNC5wb3N0JTI4JTBBJTIwJTIwJTIwJTIwJTIwJTIwJTI3JTJGd3AtYWRtaW4lMkZhZG1pbi1hamF4LnBocCUyNyUyQyUwQSUyMCUyMCUyMCUyMCUyMCUyMGRhdGElMjAlMkIlMjAlMjclMjZhY3Rpb24lM0RzZW5kX2NvbnRhY3RfZm9ybSUyNyUyQyUwQSUyMCUyMCUyMCUyMCUyMCUyMGZ1bmN0aW9uJTI4cmVzcG9uc2UlMjklN0IlMEElMjAlMjAlMjAlMjAlMjAlMjAlMjAlMjAlMjQlMjglMjclMjNmb3JtLW1lc3NhZ2UlMjclMjkudGV4dCUyOHJlc3BvbnNlLmRhdGElMjklM0IlMEElMjAlMjAlMjAlMjAlMjAlMjAlMjAlMjAlMjQlMjglMjclMjNjb250YWN0LWZvcm0lMjclMjklNUIwJTVELnJlc2V0JTI4JTI5JTNCJTBBJTIwJTIwJTIwJTIwJTIwJTIwJTdEJTBBJTIwJTIwJTIwJTIwJTI5JTNCJTBBJTIwJTIwJTdEJTI5JTNCJTBBJTdEJTI5JTNCJTBBJTNDJTJGc2NyaXB0JTNFJTBBJTBB[\/vc_raw_html][\/vc_column][\/vc_row]<\/p>\n","protected":false},"excerpt":{"rendered":"<p>[vc_row layout=&#8221;container&#8221; el_class=&#8221;mg-bottom-100&#8243;][vc_column width=&#8221;1\/4&#8243; el_class=&#8221;col-md-3 col-sm-6 sm-mg-bottom-50&#8243;][\/vc_column][vc_column width=&#8221;1\/4&#8243; el_class=&#8221;col-md-3 col-sm-6 sm-mg-bottom-50&#8243;][\/vc_column][vc_column width=&#8221;1\/4&#8243; el_class=&#8221;col-md-3 col-sm-6 sm-mg-bottom-50&#8243;][\/vc_column][vc_column width=&#8221;1\/4&#8243; el_class=&#8221;col-md-3 col-sm-6&#8243;][\/vc_column][\/vc_row][vc_row][vc_column][\/vc_column][\/vc_row][vc_row][vc_column][vc_raw_html]JTNDZm9ybSUyMGlkJTNEJTIyY29udGFjdC1mb3JtJTIyJTNFJTBBJTIwJTIwJTNDaW5wdXQlMjB0eXBlJTNEJTIydGV4dCUyMiUyMG5hbWUlM0QlMjJuYW1lJTIyJTIwcGxhY2Vob2xkZXIlM0QlMjJOdW1lbGUlMjBkdnMuJTIyJTIwcmVxdWlyZWQlM0UlMEElMjAlMjAlM0NpbnB1dCUyMHR5cGUlM0QlMjJ0ZWwlMjIlMjBuYW1lJTNEJTIycGhvbmUlMjIlMjBwbGFjZWhvbGRlciUzRCUyMlRlbGVmb24lMjIlMjByZXF1aXJlZCUzRSUwQSUyMCUyMCUzQ3NlbGVjdCUyMG5hbWUlM0QlMjJsYW5ndWFnZSUyMiUyMHJlcXVpcmVkJTNFJTBBJTIwJTIwJTIwJTIwJTNDb3B0aW9uJTIwdmFsdWUlM0QlMjIlMjIlM0VBbGVnZXRpJTIwbGltYmElM0MlMkZvcHRpb24lM0UlMEElMjAlMjAlMjAlMjAlM0NvcHRpb24lMjB2YWx1ZSUzRCUyMkVuZ2xpc2glMjIlM0VFbmdsZXphJTNDJTJGb3B0aW9uJTNFJTBBJTIwJTIwJTIwJTIwJTNDb3B0aW9uJTIwdmFsdWUlM0QlMjJHZXJtYW4lMjIlM0VHZXJtYW5hJTNDJTJGb3B0aW9uJTNFJTBBJTIwJTIwJTNDJTJGc2VsZWN0JTNFJTBBJTIwJTIwJTNDYnV0dG9uJTIwdHlwZSUzRCUyMnN1Ym1pdCUyMiUzRVRyaW1pdGUlM0MlMkZidXR0b24lM0UlMEElM0MlMkZmb3JtJTNFJTBBJTNDZGl2JTIwaWQlM0QlMjJmb3JtLW1lc3NhZ2UlMjIlM0UlM0MlMkZkaXYlM0UlMEElM0NzY3JpcHQlM0UlMEFqUXVlcnklMjhkb2N1bWVudCUyOS5yZWFkeSUyOGZ1bmN0aW9uJTI4JTI0JTI5JTdCJTBBJTIwJTIwJTI0JTI4JTI3JTIzY29udGFjdC1mb3JtJTI3JTI5Lm9uJTI4JTI3c3VibWl0JTI3JTJDJTIwZnVuY3Rpb24lMjhlJTI5JTdCJTBBJTIwJTIwJTIwJTIwZS5wcmV2ZW50RGVmYXVsdCUyOCUyOSUzQiUwQSUyMCUyMCUyMCUyMHZhciUyMGRhdGElMjAlM0QlMjAlMjQlMjh0aGlzJTI5LnNlcmlhbGl6ZSUyOCUyOSUzQiUwQSUwQSUyMCUyMCUyMCUyMCUyNC5wb3N0JTI4JTBBJTIwJTIwJTIwJTIwJTIwJTIwJTI3JTJGd3AtYWRtaW4lMkZhZG1pbi1hamF4LnBocCUyNyUyQyUwQSUyMCUyMCUyMCUyMCUyMCUyMGRhdGElMjAlMkIlMjAlMjclMjZhY3Rpb24lM0RzZW5kX2NvbnRhY3RfZm9ybSUyNyUyQyUwQSUyMCUyMCUyMCUyMCUyMCUyMGZ1bmN0aW9uJTI4cmVzcG9uc2UlMjklN0IlMEElMjAlMjAlMjAlMjAlMjAlMjAlMjAlMjAlMjQlMjglMjclMjNmb3JtLW1lc3NhZ2UlMjclMjkudGV4dCUyOHJlc3BvbnNlLmRhdGElMjklM0IlMEElMjAlMjAlMjAlMjAlMjAlMjAlMjAlMjAlMjQlMjglMjclMjNjb250YWN0LWZvcm0lMjclMjklNUIwJTVELnJlc2V0JTI4JTI5JTNCJTBBJTIwJTIwJTIwJTIwJTIwJTIwJTdEJTBBJTIwJTIwJTIwJTIwJTI5JTNCJTBBJTIwJTIwJTdEJTI5JTNCJTBBJTdEJTI5JTNCJTBBJTNDJTJGc2NyaXB0JTNFJTBBJTBB[\/vc_raw_html][\/vc_column][\/vc_row]<\/p>\n","protected":false},"author":1,"featured_media":0,"parent":0,"menu_order":0,"comment_status":"closed","ping_status":"closed","template":"","meta":{"footnotes":""},"class_list":["post-738","page","type-page","status-publish","hentry"],"aioseo_notices":[],"_links":{"self":[{"href":"https:\/\/topenglish.md\/ro\/wp-json\/wp\/v2\/pages\/738","targetHints":{"allow":["GET"]}}],"collection":[{"href":"https:\/\/topenglish.md\/ro\/wp-json\/wp\/v2\/pages"}],"about":[{"href":"https:\/\/topenglish.md\/ro\/wp-json\/wp\/v2\/types\/page"}],"author":[{"embeddable":true,"href":"https:\/\/topenglish.md\/ro\/wp-json\/wp\/v2\/users\/1"}],"replies":[{"embeddable":true,"href":"https:\/\/topenglish.md\/ro\/wp-json\/wp\/v2\/comments?post=738"}],"version-history":[{"count":19,"href":"https:\/\/topenglish.md\/ro\/wp-json\/wp\/v2\/pages\/738\/revisions"}],"predecessor-version":[{"id":2023,"href":"https:\/\/topenglish.md\/ro\/wp-json\/wp\/v2\/pages\/738\/revisions\/2023"}],"wp:attachment":[{"href":"https:\/\/topenglish.md\/ro\/wp-json\/wp\/v2\/media?parent=738"}],"curies":[{"name":"wp","href":"https:\/\/api.w.org\/{rel}","templated":true}]}}